{"id":12,"date":"2026-02-21T16:12:58","date_gmt":"2026-02-21T15:12:58","guid":{"rendered":"https:\/\/veon.pl\/?page_id=12"},"modified":"2026-02-21T18:10:30","modified_gmt":"2026-02-21T17:10:30","slug":"strona-glowna","status":"publish","type":"page","link":"https:\/\/veon.pl\/","title":{"rendered":"Strona g\u0142\u00f3wna"},"content":{"rendered":"\t\t<div data-elementor-type=\"wp-page\" data-elementor-id=\"12\" class=\"elementor elementor-12\">\n\t\t\t\t<div class=\"elementor-element elementor-element-5e38d88 e-flex e-con-boxed e-con e-parent\" data-id=\"5e38d88\" data-element_type=\"container\" data-e-type=\"container\">\n\t\t\t\t\t<div class=\"e-con-inner\">\n\t\t\t\t<div class=\"elementor-element elementor-element-c1bb89e elementor-widget elementor-widget-heading\" data-id=\"c1bb89e\" data-element_type=\"widget\" data-e-type=\"widget\" data-widget_type=\"heading.default\">\n\t\t\t\t\t<h2 class=\"elementor-heading-title elementor-size-default\">Kompleksowa optymalizacja koszt\u00f3w w Twojej firmie <\/h2>\t\t\t\t<\/div>\n\t\t\t\t\t<\/div>\n\t\t\t\t<\/div>\n\t\t<div class=\"elementor-element elementor-element-726965c e-flex e-con-boxed e-con e-parent\" data-id=\"726965c\" data-element_type=\"container\" data-e-type=\"container\">\n\t\t\t\t\t<div class=\"e-con-inner\">\n\t\t\t\t<div class=\"elementor-element elementor-element-070bbb4 elementor-widget elementor-widget-text-editor\" data-id=\"070bbb4\" data-element_type=\"widget\" data-e-type=\"widget\" data-widget_type=\"text-editor.default\">\n\t\t\t\t\t\t\t\t\t<p>Doradzamy firmom w zakresie zakupu energii, gazu i optymalizacji mocy biernej, koncentruj\u0105c si\u0119 na realnym i trwa\u0142ym obni\u017caniu koszt\u00f3w.<\/p>\t\t\t\t\t\t\t\t<\/div>\n\t\t\t\t\t<\/div>\n\t\t\t\t<\/div>\n\t\t<div class=\"elementor-element elementor-element-f105191 e-flex e-con-boxed e-con e-parent\" data-id=\"f105191\" data-element_type=\"container\" data-e-type=\"container\">\n\t\t\t\t\t<div class=\"e-con-inner\">\n\t\t\t\t<div class=\"elementor-element elementor-element-8134c24 elementor-widget elementor-widget-button\" data-id=\"8134c24\" data-element_type=\"widget\" data-e-type=\"widget\" data-widget_type=\"button.default\">\n\t\t\t\t\t\t\t\t\t\t<a class=\"elementor-button elementor-button-link elementor-size-sm\" href=\"#\">\n\t\t\t\t\t\t<span class=\"elementor-button-content-wrapper\">\n\t\t\t\t\t\t\t\t\t<span class=\"elementor-button-text\">Sprawd\u017a potencja\u0142 optymalizacji<\/span>\n\t\t\t\t\t<\/span>\n\t\t\t\t\t<\/a>\n\t\t\t\t\t\t\t\t<\/div>\n\t\t\t\t\t<\/div>\n\t\t\t\t<\/div>\n\t\t<div class=\"elementor-element elementor-element-4fce88f e-flex e-con-boxed e-con e-parent\" data-id=\"4fce88f\" data-element_type=\"container\" data-e-type=\"container\">\n\t\t\t\t\t<div class=\"e-con-inner\">\n\t\t\t\t<div class=\"elementor-element elementor-element-afc4431 elementor-widget elementor-widget-heading\" data-id=\"afc4431\" data-element_type=\"widget\" data-e-type=\"widget\" data-widget_type=\"heading.default\">\n\t\t\t\t\t<h2 class=\"elementor-heading-title elementor-size-default\">Energia elektryczna <\/h2>\t\t\t\t<\/div>\n\t\t\t\t<div class=\"elementor-element elementor-element-d280f95 elementor-widget elementor-widget-text-editor\" data-id=\"d280f95\" data-element_type=\"widget\" data-e-type=\"widget\" data-widget_type=\"text-editor.default\">\n\t\t\t\t\t\t\t\t\t<p>Analiza obowi\u0105zuj\u0105cych um\u00f3w, wsparcie w zakupie energii oraz negocjacja warunk\u00f3w handlowych dopasowanych do profilu zu\u017cycia firmy.<\/p>\t\t\t\t\t\t\t\t<\/div>\n\t\t\t\t\t<\/div>\n\t\t\t\t<\/div>\n\t\t<div class=\"elementor-element elementor-element-0e468c7 e-flex e-con-boxed e-con e-parent\" data-id=\"0e468c7\" data-element_type=\"container\" data-e-type=\"container\">\n\t\t\t\t\t<div class=\"e-con-inner\">\n\t\t\t\t<div class=\"elementor-element elementor-element-5a97995 elementor-widget elementor-widget-heading\" data-id=\"5a97995\" data-element_type=\"widget\" data-e-type=\"widget\" data-widget_type=\"heading.default\">\n\t\t\t\t\t<h2 class=\"elementor-heading-title elementor-size-default\">Gaz<\/h2>\t\t\t\t<\/div>\n\t\t\t\t\t<\/div>\n\t\t\t\t<\/div>\n\t\t<div class=\"elementor-element elementor-element-686f650 e-flex e-con-boxed e-con e-parent\" data-id=\"686f650\" data-element_type=\"container\" data-e-type=\"container\">\n\t\t\t\t\t<div class=\"e-con-inner\">\n\t\t\t\t<div class=\"elementor-element elementor-element-38b91e1 elementor-widget elementor-widget-text-editor\" data-id=\"38b91e1\" data-element_type=\"widget\" data-e-type=\"widget\" data-widget_type=\"text-editor.default\">\n\t\t\t\t\t\t\t\t\t<p>Analiza obecnych um\u00f3w gazowych, weryfikacja stawek i op\u0142at dystrybucyjnych oraz wsparcie w negocjacji nowych warunk\u00f3w dopasowanych do realnego zu\u017cycia Twojej firmy\u00a0<\/p>\t\t\t\t\t\t\t\t<\/div>\n\t\t\t\t\t<\/div>\n\t\t\t\t<\/div>\n\t\t<div class=\"elementor-element elementor-element-3b737f2 e-flex e-con-boxed e-con e-parent\" data-id=\"3b737f2\" data-element_type=\"container\" data-e-type=\"container\">\n\t\t\t\t\t<div class=\"e-con-inner\">\n\t\t\t\t<div class=\"elementor-element elementor-element-f43debc elementor-widget elementor-widget-heading\" data-id=\"f43debc\" data-element_type=\"widget\" data-e-type=\"widget\" data-widget_type=\"heading.default\">\n\t\t\t\t\t<h2 class=\"elementor-heading-title elementor-size-default\">Moc bierna<\/h2>\t\t\t\t<\/div>\n\t\t\t\t\t<\/div>\n\t\t\t\t<\/div>\n\t\t<div class=\"elementor-element elementor-element-d9138b5 e-flex e-con-boxed e-con e-parent\" data-id=\"d9138b5\" data-element_type=\"container\" data-e-type=\"container\">\n\t\t\t\t\t<div class=\"e-con-inner\">\n\t\t\t\t<div class=\"elementor-element elementor-element-c6f7fea elementor-widget elementor-widget-text-editor\" data-id=\"c6f7fea\" data-element_type=\"widget\" data-e-type=\"widget\" data-widget_type=\"text-editor.default\">\n\t\t\t\t\t\t\t\t\t<p>Weryfikujemy czy Twoja firma ponosi op\u0142aty za ponadnormatywn\u0105 moc biern\u0105. Analizujemy faktury, dobieramy odpowiednie rozwi\u0105zanie techniczne i pomagamy trwale wyeliminowa\u0107 zb\u0119dne koszty.<\/p>\t\t\t\t\t\t\t\t<\/div>\n\t\t\t\t\t<\/div>\n\t\t\t\t<\/div>\n\t\t<div class=\"elementor-element elementor-element-a4ce056 e-flex e-con-boxed e-con e-parent\" data-id=\"a4ce056\" data-element_type=\"container\" data-e-type=\"container\">\n\t\t\t\t\t<div class=\"e-con-inner\">\n\t\t\t\t<div class=\"elementor-element elementor-element-7a29e05 elementor-widget elementor-widget-heading\" data-id=\"7a29e05\" data-element_type=\"widget\" data-e-type=\"widget\" data-widget_type=\"heading.default\">\n\t\t\t\t\t<h2 class=\"elementor-heading-title elementor-size-default\">Dystrybucja energii <\/h2>\t\t\t\t<\/div>\n\t\t\t\t\t<\/div>\n\t\t\t\t<\/div>\n\t\t<div class=\"elementor-element elementor-element-e786e60 e-flex e-con-boxed e-con e-parent\" data-id=\"e786e60\" data-element_type=\"container\" data-e-type=\"container\">\n\t\t\t\t\t<div class=\"e-con-inner\">\n\t\t\t\t<div class=\"elementor-element elementor-element-0d10526 elementor-widget elementor-widget-text-editor\" data-id=\"0d10526\" data-element_type=\"widget\" data-e-type=\"widget\" data-widget_type=\"text-editor.default\">\n\t\t\t\t\t\t\t\t\t<p>Analizujemy op\u0142aty dystrybucyjne, grupy taryfowe oraz parametry umowne. Sprawdzamy czy Twoja firma ma w\u0142a\u015bciwe dobran\u0105 taryf\u0119 i moc umown\u0105, aby unikn\u0105\u0107 niepotrzebnych koszt\u00f3w.\u00a0<\/p>\t\t\t\t\t\t\t\t<\/div>\n\t\t\t\t\t<\/div>\n\t\t\t\t<\/div>\n\t\t<div class=\"elementor-element elementor-element-15885f6 e-flex e-con-boxed e-con e-parent\" data-id=\"15885f6\" data-element_type=\"container\" data-e-type=\"container\">\n\t\t\t\t\t<div class=\"e-con-inner\">\n\t\t\t\t<div class=\"elementor-element elementor-element-765d2a6 elementor-widget elementor-widget-heading\" data-id=\"765d2a6\" data-element_type=\"widget\" data-e-type=\"widget\" data-widget_type=\"heading.default\">\n\t\t\t\t\t<h2 class=\"elementor-heading-title elementor-size-default\">Audyty energetyczne dla przedsi\u0119biorstw<\/h2>\t\t\t\t<\/div>\n\t\t\t\t\t<\/div>\n\t\t\t\t<\/div>\n\t\t<div class=\"elementor-element elementor-element-cf8e73c e-flex e-con-boxed e-con e-parent\" data-id=\"cf8e73c\" data-element_type=\"container\" data-e-type=\"container\">\n\t\t\t\t\t<div class=\"e-con-inner\">\n\t\t\t\t<div class=\"elementor-element elementor-element-36d4f27 elementor-widget elementor-widget-text-editor\" data-id=\"36d4f27\" data-element_type=\"widget\" data-e-type=\"widget\" data-widget_type=\"text-editor.default\">\n\t\t\t\t\t\t\t\t\t<p class=\"p1\">Realizujemy audyty energetyczne zgodne z obowi\u0105zuj\u0105cymi przepisami dla du\u017cych przedsi\u0119biorstw. Identyfikujemy obszary strat energii, wskazujemy dzia\u0142ania optymalizacyjne oraz przygotowujemy konkretne rekomendacje inwestycyjne zwi\u0119kszaj\u0105ce efektywno\u015b\u0107 energetyczn\u0105.<\/p>\t\t\t\t\t\t\t\t<\/div>\n\t\t\t\t\t<\/div>\n\t\t\t\t<\/div>\n\t\t<div class=\"elementor-element elementor-element-4755894 e-flex e-con-boxed e-con e-parent\" data-id=\"4755894\" data-element_type=\"container\" data-e-type=\"container\">\n\t\t\t\t\t<div class=\"e-con-inner\">\n\t\t\t\t<div class=\"elementor-element elementor-element-db6788a elementor-widget elementor-widget-heading\" data-id=\"db6788a\" data-element_type=\"widget\" data-e-type=\"widget\" data-widget_type=\"heading.default\">\n\t\t\t\t\t<h2 class=\"elementor-heading-title elementor-size-default\">Zakup energii na gie\u0142dzie i kontrakty PPA<\/h2>\t\t\t\t<\/div>\n\t\t\t\t\t<\/div>\n\t\t\t\t<\/div>\n\t\t<div class=\"elementor-element elementor-element-46e20b0 e-flex e-con-boxed e-con e-parent\" data-id=\"46e20b0\" data-element_type=\"container\" data-e-type=\"container\">\n\t\t\t\t\t<div class=\"e-con-inner\">\n\t\t\t\t<div class=\"elementor-element elementor-element-1efa9d3 elementor-widget elementor-widget-text-editor\" data-id=\"1efa9d3\" data-element_type=\"widget\" data-e-type=\"widget\" data-widget_type=\"text-editor.default\">\n\t\t\t\t\t\t\t\t\t<p class=\"p1\">Doradzamy w zakresie zakupu energii na rynku hurtowym (Towarowa Gie\u0142da Energii), modelujemy strategie zakupowe oraz wspieramy zawieranie kontrakt\u00f3w PPA i cPPA. Pomagamy firmom zabezpiecza\u0107 ceny energii i ogranicza\u0107 ryzyko rynkowe<\/p>\t\t\t\t\t\t\t\t<\/div>\n\t\t\t\t\t<\/div>\n\t\t\t\t<\/div>\n\t\t<div class=\"elementor-element elementor-element-436e779 e-flex e-con-boxed e-con e-parent\" data-id=\"436e779\" data-element_type=\"container\" data-e-type=\"container\">\n\t\t\t\t\t<div class=\"e-con-inner\">\n\t\t\t\t<div class=\"elementor-element elementor-element-4b104a8 elementor-widget elementor-widget-heading\" data-id=\"4b104a8\" data-element_type=\"widget\" data-e-type=\"widget\" data-widget_type=\"heading.default\">\n\t\t\t\t\t<h2 class=\"elementor-heading-title elementor-size-default\">Us\u0142ugi DSR (Demand Side Response)<\/h2>\t\t\t\t<\/div>\n\t\t\t\t\t<\/div>\n\t\t\t\t<\/div>\n\t\t<div class=\"elementor-element elementor-element-bc2fa7a e-flex e-con-boxed e-con e-parent\" data-id=\"bc2fa7a\" data-element_type=\"container\" data-e-type=\"container\">\n\t\t\t\t\t<div class=\"e-con-inner\">\n\t\t\t\t<div class=\"elementor-element elementor-element-446cae8 elementor-widget elementor-widget-text-editor\" data-id=\"446cae8\" data-element_type=\"widget\" data-e-type=\"widget\" data-widget_type=\"text-editor.default\">\n\t\t\t\t\t\t\t\t\t<p class=\"p1\">Wspieramy przedsi\u0119biorstwa w uczestnictwie w programach DSR, umo\u017cliwiaj\u0105cych uzyskiwanie dodatkowych przychod\u00f3w za gotowo\u015b\u0107 do redukcji poboru mocy. Analizujemy potencja\u0142 redukcji, przygotowujemy model finansowy oraz prowadzimy proces wdro\u017cenia.<\/p>\t\t\t\t\t\t\t\t<\/div>\n\t\t\t\t\t<\/div>\n\t\t\t\t<\/div>\n\t\t\t\t<\/div>\n\t\t","protected":false},"excerpt":{"rendered":"<p>Kompleksowa optymalizacja koszt\u00f3w w Twojej firmie Doradzamy firmom w zakresie zakupu energii, gazu i optymalizacji mocy biernej, koncentruj\u0105c si\u0119 na realnym i trwa\u0142ym obni\u017caniu koszt\u00f3w. Sprawd\u017a potencja\u0142 optymalizacji Energia elektryczna Analiza obowi\u0105zuj\u0105cych um\u00f3w, wsparcie w zakupie energii oraz negocjacja warunk\u00f3w handlowych dopasowanych do profilu zu\u017cycia firmy. Gaz Analiza obecnych um\u00f3w gazowych, weryfikacja stawek i op\u0142at [&hellip;]<\/p>\n","protected":false},"author":1,"featured_media":0,"parent":0,"menu_order":0,"comment_status":"closed","ping_status":"closed","template":"elementor_header_footer","meta":{"footnotes":""},"class_list":["post-12","page","type-page","status-publish","hentry"],"yoast_head":"<!-- This site is optimized with the Yoast SEO plugin v27.0 - https:\/\/yoast.com\/product\/yoast-seo-wordpress\/ -->\n<title>Strona g\u0142\u00f3wna -<\/title>\n<meta name=\"robots\" content=\"index, follow, max-snippet:-1, max-image-preview:large, max-video-preview:-1\" \/>\n<link rel=\"canonical\" href=\"https:\/\/veon.pl\/\" \/>\n<meta property=\"og:locale\" content=\"pl_PL\" \/>\n<meta property=\"og:type\" content=\"article\" \/>\n<meta property=\"og:title\" content=\"Strona g\u0142\u00f3wna -\" \/>\n<meta property=\"og:description\" content=\"Kompleksowa optymalizacja koszt\u00f3w w Twojej firmie Doradzamy firmom w zakresie zakupu energii, gazu i optymalizacji mocy biernej, koncentruj\u0105c si\u0119 na realnym i trwa\u0142ym obni\u017caniu koszt\u00f3w. Sprawd\u017a potencja\u0142 optymalizacji Energia elektryczna Analiza obowi\u0105zuj\u0105cych um\u00f3w, wsparcie w zakupie energii oraz negocjacja warunk\u00f3w handlowych dopasowanych do profilu zu\u017cycia firmy. Gaz Analiza obecnych um\u00f3w gazowych, weryfikacja stawek i op\u0142at [&hellip;]\" \/>\n<meta property=\"og:url\" content=\"https:\/\/veon.pl\/\" \/>\n<meta property=\"article:modified_time\" content=\"2026-02-21T17:10:30+00:00\" \/>\n<meta name=\"twitter:card\" content=\"summary_large_image\" \/>\n<meta name=\"twitter:label1\" content=\"Szacowany czas czytania\" \/>\n\t<meta name=\"twitter:data1\" content=\"2 minuty\" \/>\n<script type=\"application\/ld+json\" class=\"yoast-schema-graph\">{\"@context\":\"https:\/\/schema.org\",\"@graph\":[{\"@type\":\"WebPage\",\"@id\":\"https:\/\/veon.pl\/\",\"url\":\"https:\/\/veon.pl\/\",\"name\":\"Strona g\u0142\u00f3wna -\",\"isPartOf\":{\"@id\":\"https:\/\/veon.pl\/#website\"},\"datePublished\":\"2026-02-21T15:12:58+00:00\",\"dateModified\":\"2026-02-21T17:10:30+00:00\",\"breadcrumb\":{\"@id\":\"https:\/\/veon.pl\/#breadcrumb\"},\"inLanguage\":\"pl-PL\",\"potentialAction\":[{\"@type\":\"ReadAction\",\"target\":[\"https:\/\/veon.pl\/\"]}]},{\"@type\":\"BreadcrumbList\",\"@id\":\"https:\/\/veon.pl\/#breadcrumb\",\"itemListElement\":[{\"@type\":\"ListItem\",\"position\":1,\"name\":\"Home\",\"item\":\"https:\/\/veon.pl\/\"},{\"@type\":\"ListItem\",\"position\":2,\"name\":\"Strona g\u0142\u00f3wna\"}]},{\"@type\":\"WebSite\",\"@id\":\"https:\/\/veon.pl\/#website\",\"url\":\"https:\/\/veon.pl\/\",\"name\":\"\",\"description\":\"\",\"potentialAction\":[{\"@type\":\"SearchAction\",\"target\":{\"@type\":\"EntryPoint\",\"urlTemplate\":\"https:\/\/veon.pl\/?s={search_term_string}\"},\"query-input\":{\"@type\":\"PropertyValueSpecification\",\"valueRequired\":true,\"valueName\":\"search_term_string\"}}],\"inLanguage\":\"pl-PL\"}]}<\/script>\n<!-- \/ Yoast SEO plugin. -->","yoast_head_json":{"title":"Strona g\u0142\u00f3wna -","robots":{"index":"index","follow":"follow","max-snippet":"max-snippet:-1","max-image-preview":"max-image-preview:large","max-video-preview":"max-video-preview:-1"},"canonical":"https:\/\/veon.pl\/","og_locale":"pl_PL","og_type":"article","og_title":"Strona g\u0142\u00f3wna -","og_description":"Kompleksowa optymalizacja koszt\u00f3w w Twojej firmie Doradzamy firmom w zakresie zakupu energii, gazu i optymalizacji mocy biernej, koncentruj\u0105c si\u0119 na realnym i trwa\u0142ym obni\u017caniu koszt\u00f3w. Sprawd\u017a potencja\u0142 optymalizacji Energia elektryczna Analiza obowi\u0105zuj\u0105cych um\u00f3w, wsparcie w zakupie energii oraz negocjacja warunk\u00f3w handlowych dopasowanych do profilu zu\u017cycia firmy. Gaz Analiza obecnych um\u00f3w gazowych, weryfikacja stawek i op\u0142at [&hellip;]","og_url":"https:\/\/veon.pl\/","article_modified_time":"2026-02-21T17:10:30+00:00","twitter_card":"summary_large_image","twitter_misc":{"Szacowany czas czytania":"2 minuty"},"schema":{"@context":"https:\/\/schema.org","@graph":[{"@type":"WebPage","@id":"https:\/\/veon.pl\/","url":"https:\/\/veon.pl\/","name":"Strona g\u0142\u00f3wna -","isPartOf":{"@id":"https:\/\/veon.pl\/#website"},"datePublished":"2026-02-21T15:12:58+00:00","dateModified":"2026-02-21T17:10:30+00:00","breadcrumb":{"@id":"https:\/\/veon.pl\/#breadcrumb"},"inLanguage":"pl-PL","potentialAction":[{"@type":"ReadAction","target":["https:\/\/veon.pl\/"]}]},{"@type":"BreadcrumbList","@id":"https:\/\/veon.pl\/#breadcrumb","itemListElement":[{"@type":"ListItem","position":1,"name":"Home","item":"https:\/\/veon.pl\/"},{"@type":"ListItem","position":2,"name":"Strona g\u0142\u00f3wna"}]},{"@type":"WebSite","@id":"https:\/\/veon.pl\/#website","url":"https:\/\/veon.pl\/","name":"","description":"","potentialAction":[{"@type":"SearchAction","target":{"@type":"EntryPoint","urlTemplate":"https:\/\/veon.pl\/?s={search_term_string}"},"query-input":{"@type":"PropertyValueSpecification","valueRequired":true,"valueName":"search_term_string"}}],"inLanguage":"pl-PL"}]}},"_links":{"self":[{"href":"https:\/\/veon.pl\/index.php?rest_route=\/wp\/v2\/pages\/12","targetHints":{"allow":["GET"]}}],"collection":[{"href":"https:\/\/veon.pl\/index.php?rest_route=\/wp\/v2\/pages"}],"about":[{"href":"https:\/\/veon.pl\/index.php?rest_route=\/wp\/v2\/types\/page"}],"author":[{"embeddable":true,"href":"https:\/\/veon.pl\/index.php?rest_route=\/wp\/v2\/users\/1"}],"replies":[{"embeddable":true,"href":"https:\/\/veon.pl\/index.php?rest_route=%2Fwp%2Fv2%2Fcomments&post=12"}],"version-history":[{"count":7,"href":"https:\/\/veon.pl\/index.php?rest_route=\/wp\/v2\/pages\/12\/revisions"}],"predecessor-version":[{"id":25,"href":"https:\/\/veon.pl\/index.php?rest_route=\/wp\/v2\/pages\/12\/revisions\/25"}],"wp:attachment":[{"href":"https:\/\/veon.pl\/index.php?rest_route=%2Fwp%2Fv2%2Fmedia&parent=12"}],"curies":[{"name":"wp","href":"https:\/\/api.w.org\/{rel}","templated":true}]}}